{"id":22,"date":"2025-07-12T15:19:33","date_gmt":"2025-07-12T15:19:33","guid":{"rendered":"https:\/\/masdetoureves.fr\/?page_id=22"},"modified":"2025-08-19T09:07:22","modified_gmt":"2025-08-19T09:07:22","slug":"bon-de-commande","status":"publish","type":"page","link":"https:\/\/masdetoureves.fr\/index.php\/bon-de-commande\/","title":{"rendered":"Bon de commande"},"content":{"rendered":"\n<p class=\"has-text-align-center\" style=\"font-size:16px\"><strong>Nous pouvons envoyer l\u2019ensemble de notre gamme par la poste, avec grand plaisir!<\/strong><\/p>\n\n\n\n<p class=\"has-text-align-center has-small-font-size\"><em>Nous travaillons avec La Poste ou Mondial Relay.<br>Les frais de port sont calcul\u00e9s en fonction du poids du colis.<\/em><br><\/p>\n\n\n\n<p class=\"has-text-align-center\" style=\"font-size:16px\">Nous vous proposons :<br>De remplir le bon de commande avec les produits que vous souhaitez<br>et de nous envoyer ce bon de commande \u00e0 <br><br><strong>mastoureves@gmail.com<\/strong><br><br>Nos vous renvoyons le tout avec les frais de port estim\u00e9s et les \u00e9ventuelles corrections si certains produits sont \u00e9puis\u00e9s.<\/p>\n\n\n\n<div class=\"wp-block-file aligncenter\" style=\"margin-right:0;margin-left:0;padding-right:22rem;padding-left:22rem\"><a id=\"wp-block-file--media-99235627-c37e-454b-b4a1-cfb6677b0e45\" href=\"https:\/\/masdetoureves.fr\/wp-content\/uploads\/2025\/08\/PDF-Bon-de-commande-Mas-De-Toureves-Site.pdf\">PDF &#8211; Bon de commande &#8211; Mas De Toureves &#8211; Site<\/a><a href=\"https:\/\/masdetoureves.fr\/wp-content\/uploads\/2025\/08\/PDF-Bon-de-commande-Mas-De-Toureves-Site.pdf\" class=\"wp-block-file__button wp-element-button\" download aria-describedby=\"wp-block-file--media-99235627-c37e-454b-b4a1-cfb6677b0e45\">T\u00e9l\u00e9charger<\/a><\/div>\n\n\n\n<div class=\"wp-block-file aligncenter\" style=\"margin-right:0;margin-left:0;padding-right:22rem;padding-left:22rem\"><a id=\"wp-block-file--media-1929fdb8-e3bf-467a-b993-d826fe82f3e8\" href=\"https:\/\/masdetoureves.fr\/wp-content\/uploads\/2025\/08\/EXCEL-Bon-de-commande-Mas-De-Toureves-Site.xlsx\">EXCEL &#8211; Bon de commande &#8211; Mas De Toureves &#8211; Site<\/a><a href=\"https:\/\/masdetoureves.fr\/wp-content\/uploads\/2025\/08\/EXCEL-Bon-de-commande-Mas-De-Toureves-Site.xlsx\" class=\"wp-block-file__button wp-element-button\" download aria-describedby=\"wp-block-file--media-1929fdb8-e3bf-467a-b993-d826fe82f3e8\">T\u00e9l\u00e9charger<\/a><\/div>\n","protected":false},"excerpt":{"rendered":"<p>Nous pouvons envoyer l\u2019ensemble de notre gamme par la poste, avec grand plaisir! Nous travaillons avec La Poste ou Mondial [&hellip;]<\/p>\n","protected":false},"author":1,"featured_media":0,"parent":0,"menu_order":0,"comment_status":"closed","ping_status":"closed","template":"","meta":{"site-sidebar-layout":"default","site-content-layout":"","ast-site-content-layout":"default","site-content-style":"default","site-sidebar-style":"default","ast-global-header-display":"","ast-banner-title-visibility":"","ast-main-header-display":"","ast-hfb-above-header-display":"","ast-hfb-below-header-display":"","ast-hfb-mobile-header-display":"","site-post-title":"","ast-breadcrumbs-content":"","ast-featured-img":"","footer-sml-layout":"","theme-transparent-header-meta":"","adv-header-id-meta":"","stick-header-meta":"","header-above-stick-meta":"","header-main-stick-meta":"","header-below-stick-meta":"","astra-migrate-meta-layouts":"default","ast-page-background-enabled":"default","ast-page-background-meta":{"desktop":{"background-color":"var(--ast-global-color-5)","background-image":"","background-repeat":"repeat","background-position":"center center","background-size":"auto","background-attachment":"scroll","background-type":"","background-media":"","overlay-type":"","overlay-color":"","overlay-opacity":"","overlay-gradient":""},"tablet":{"background-color":"","background-image":"","background-repeat":"repeat","background-position":"center center","background-size":"auto","background-attachment":"scroll","background-type":"","background-media":"","overlay-type":"","overlay-color":"","overlay-opacity":"","overlay-gradient":""},"mobile":{"background-color":"","background-image":"","background-repeat":"repeat","background-position":"center center","background-size":"auto","background-attachment":"scroll","background-type":"","background-media":"","overlay-type":"","overlay-color":"","overlay-opacity":"","overlay-gradient":""}},"ast-content-background-meta":{"desktop":{"background-color":"var(--ast-global-color-4)","background-image":"","background-repeat":"repeat","background-position":"center center","background-size":"auto","background-attachment":"scroll","background-type":"","background-media":"","overlay-type":"","overlay-color":"","overlay-opacity":"","overlay-gradient":""},"tablet":{"background-color":"var(--ast-global-color-4)","background-image":"","background-repeat":"repeat","background-position":"center center","background-size":"auto","background-attachment":"scroll","background-type":"","background-media":"","overlay-type":"","overlay-color":"","overlay-opacity":"","overlay-gradient":""},"mobile":{"background-color":"var(--ast-global-color-4)","background-image":"","background-repeat":"repeat","background-position":"center center","background-size":"auto","background-attachment":"scroll","background-type":"","background-media":"","overlay-type":"","overlay-color":"","overlay-opacity":"","overlay-gradient":""}},"footnotes":""},"class_list":["post-22","page","type-page","status-publish","hentry"],"_links":{"self":[{"href":"https:\/\/masdetoureves.fr\/index.php\/wp-json\/wp\/v2\/pages\/22","targetHints":{"allow":["GET"]}}],"collection":[{"href":"https:\/\/masdetoureves.fr\/index.php\/wp-json\/wp\/v2\/pages"}],"about":[{"href":"https:\/\/masdetoureves.fr\/index.php\/wp-json\/wp\/v2\/types\/page"}],"author":[{"embeddable":true,"href":"https:\/\/masdetoureves.fr\/index.php\/wp-json\/wp\/v2\/users\/1"}],"replies":[{"embeddable":true,"href":"https:\/\/masdetoureves.fr\/index.php\/wp-json\/wp\/v2\/comments?post=22"}],"version-history":[{"count":17,"href":"https:\/\/masdetoureves.fr\/index.php\/wp-json\/wp\/v2\/pages\/22\/revisions"}],"predecessor-version":[{"id":616,"href":"https:\/\/masdetoureves.fr\/index.php\/wp-json\/wp\/v2\/pages\/22\/revisions\/616"}],"wp:attachment":[{"href":"https:\/\/masdetoureves.fr\/index.php\/wp-json\/wp\/v2\/media?parent=22"}],"curies":[{"name":"wp","href":"https:\/\/api.w.org\/{rel}","templated":true}]}}