{"id":28,"date":"2025-07-12T15:25:12","date_gmt":"2025-07-12T15:25:12","guid":{"rendered":"https:\/\/masdetoureves.fr\/?page_id=28"},"modified":"2025-08-19T09:04:51","modified_gmt":"2025-08-19T09:04:51","slug":"accueil","status":"publish","type":"page","link":"https:\/\/masdetoureves.fr\/","title":{"rendered":"Accueil"},"content":{"rendered":"\n<div class=\"wp-block-group alignfull has-accent-background-color has-background is-layout-constrained wp-container-core-group-is-layout-669513ed wp-block-group-is-layout-constrained\" style=\"margin-top:0;margin-bottom:0;padding-top:var(--wp--preset--spacing--50);padding-right:var(--wp--preset--spacing--50);padding-bottom:var(--wp--preset--spacing--50);padding-left:var(--wp--preset--spacing--50)\">\n<div class=\"wp-block-columns alignwide is-layout-flex wp-container-core-columns-is-layout-1da03c2a wp-block-columns-is-layout-flex\">\n<div class=\"wp-block-column is-vertically-aligned-stretch is-layout-flow wp-block-column-is-layout-flow\" style=\"flex-basis:50%\">\n<div class=\"wp-block-group is-vertical is-content-justification-center is-layout-flex wp-container-core-group-is-layout-7764e4c8 wp-block-group-is-layout-flex\" style=\"min-height:100%\">\n<h2 class=\"wp-block-heading has-text-align-center has-x-large-font-size\">Ferme familiale c\u00e9venole en agriculture biologique.<\/h2>\n\n\n\n<p class=\"has-text-align-center has-medium-font-size\">Production de<br>Plantes aromatiques &amp; m\u00e9dicinales, <br>ch\u00e2taignes, pommes, miels et petits fruits rouges<\/p>\n<\/div>\n<\/div>\n\n\n\n<div class=\"wp-block-column is-vertically-aligned-center is-layout-flow wp-block-column-is-layout-flow\" style=\"flex-basis:50%\">\n<figure class=\"wp-block-image aligncenter size-full\"><img loading=\"lazy\" decoding=\"async\" width=\"2560\" height=\"1810\" src=\"https:\/\/masdetoureves.fr\/wp-content\/uploads\/2025\/08\/MAS-scaled.png\" alt=\"\" class=\"wp-image-209\" srcset=\"https:\/\/masdetoureves.fr\/wp-content\/uploads\/2025\/08\/MAS-scaled.png 2560w, https:\/\/masdetoureves.fr\/wp-content\/uploads\/2025\/08\/MAS-300x212.png 300w, https:\/\/masdetoureves.fr\/wp-content\/uploads\/2025\/08\/MAS-1024x724.png 1024w, https:\/\/masdetoureves.fr\/wp-content\/uploads\/2025\/08\/MAS-768x543.png 768w, https:\/\/masdetoureves.fr\/wp-content\/uploads\/2025\/08\/MAS-1536x1086.png 1536w, https:\/\/masdetoureves.fr\/wp-content\/uploads\/2025\/08\/MAS-2048x1448.png 2048w\" sizes=\"auto, (max-width: 2560px) 100vw, 2560px\" \/><\/figure>\n<\/div>\n<\/div>\n<\/div>\n\n\n\n<div class=\"wp-block-superblockslider-slider superblockslider\" style=\"height:80vh;width:100%\" data-transition-duration=\".6s\" data-animation=\"cubic-bezier(0.46, 0.03, 0.52, 0.96)\"><div class=\"superblockslider__window\"><div class=\"superblockslider__track\" style=\"width:400%;transform:translateX(-0.0000%);transition-duration:.6s;transition-timing-function:cubic-bezier(0.46, 0.03, 0.52, 0.96)\">\n<div class=\"wp-block-superblockslider-slide superblockslider__slide superblockslider__slide--active\" data-slide-index=\"0\"><div class=\"superblockslider__slide__bg\"><img fetchpriority=\"high\" decoding=\"async\" class=\"image--xl visible--xl visible--sm visible--md visible--lg\" src=\"https:\/\/masdetoureves.fr\/wp-content\/uploads\/2025\/08\/IMG_5601-3-scaled.jpg\" width=\"2560\" height=\"1920\" title=\"IMG_5601\" alt=\"\" loading=\"eager\" srcset=\"https:\/\/masdetoureves.fr\/wp-content\/uploads\/2025\/08\/IMG_5601-3-150x150.jpg 150w,https:\/\/masdetoureves.fr\/wp-content\/uploads\/2025\/08\/IMG_5601-3-300x225.jpg 300w,https:\/\/masdetoureves.fr\/wp-content\/uploads\/2025\/08\/IMG_5601-3-1024x768.jpg 1024w,https:\/\/masdetoureves.fr\/wp-content\/uploads\/2025\/08\/IMG_5601-3-scaled.jpg 2560w,\" sizes=\"(max-width: 2560px) 100vw, 2560px\" style=\"object-fit:cover;object-position:50% 50%\"\/><\/div><div class=\"superblockslider__slide__overlay\"><\/div><div class=\"superblockslider__slide_inner\"><div class=\"inner-blocks\"><\/div><\/div><\/div>\n\n\n\n<div class=\"wp-block-superblockslider-slide superblockslider__slide\" data-slide-index=\"1\"><div class=\"superblockslider__slide__bg\"><img decoding=\"async\" class=\"image--xl visible--xl visible--sm visible--md visible--lg\" src=\"https:\/\/masdetoureves.fr\/wp-content\/uploads\/2025\/08\/IMG_5879-scaled.jpg\" width=\"2560\" height=\"1920\" title=\"Cultures\" alt=\"\" loading=\"eager\" srcset=\"https:\/\/masdetoureves.fr\/wp-content\/uploads\/2025\/08\/IMG_5879-150x150.jpg 150w,https:\/\/masdetoureves.fr\/wp-content\/uploads\/2025\/08\/IMG_5879-300x225.jpg 300w,https:\/\/masdetoureves.fr\/wp-content\/uploads\/2025\/08\/IMG_5879-1024x768.jpg 1024w,https:\/\/masdetoureves.fr\/wp-content\/uploads\/2025\/08\/IMG_5879-scaled.jpg 2560w,\" sizes=\"(max-width: 2560px) 100vw, 2560px\" style=\"object-fit:cover;object-position:50% 50%\"\/><\/div><div class=\"superblockslider__slide__overlay\"><\/div><div class=\"superblockslider__slide_inner\"><div class=\"inner-blocks\"><\/div><\/div><\/div>\n\n\n\n<div class=\"wp-block-superblockslider-slide superblockslider__slide\" data-slide-index=\"2\"><div class=\"superblockslider__slide__bg\"><img decoding=\"async\" class=\"image--xl visible--xl visible--sm visible--md visible--lg\" src=\"https:\/\/masdetoureves.fr\/wp-content\/uploads\/2025\/08\/Mas-de-Toureves-scaled.jpg\" width=\"2560\" height=\"1440\" title=\"Mas de Toureve\u0300s\" alt=\"\" loading=\"eager\" srcset=\"https:\/\/masdetoureves.fr\/wp-content\/uploads\/2025\/08\/Mas-de-Toureves-150x150.jpg 150w,https:\/\/masdetoureves.fr\/wp-content\/uploads\/2025\/08\/Mas-de-Toureves-300x169.jpg 300w,https:\/\/masdetoureves.fr\/wp-content\/uploads\/2025\/08\/Mas-de-Toureves-1024x576.jpg 1024w,https:\/\/masdetoureves.fr\/wp-content\/uploads\/2025\/08\/Mas-de-Toureves-scaled.jpg 2560w,\" sizes=\"(max-width: 2560px) 100vw, 2560px\" style=\"object-fit:cover;object-position:50% 50%\"\/><\/div><div class=\"superblockslider__slide__overlay\"><\/div><div class=\"superblockslider__slide_inner\"><div class=\"inner-blocks\"><\/div><\/div><\/div>\n\n\n\n<div class=\"wp-block-superblockslider-slide superblockslider__slide\" data-slide-index=\"3\"><div class=\"superblockslider__slide__bg\"><img decoding=\"async\" class=\"image--xl visible--xl visible--sm visible--md visible--lg\" src=\"https:\/\/masdetoureves.fr\/wp-content\/uploads\/2025\/08\/Notre-emplacement-scaled.jpg\" width=\"2560\" height=\"1920\" title=\"Notre emplacement - Les C\u00e9v\u00e8nnes\" alt=\"\" loading=\"eager\" srcset=\"https:\/\/masdetoureves.fr\/wp-content\/uploads\/2025\/08\/Notre-emplacement-150x150.jpg 150w,https:\/\/masdetoureves.fr\/wp-content\/uploads\/2025\/08\/Notre-emplacement-300x225.jpg 300w,https:\/\/masdetoureves.fr\/wp-content\/uploads\/2025\/08\/Notre-emplacement-1024x768.jpg 1024w,https:\/\/masdetoureves.fr\/wp-content\/uploads\/2025\/08\/Notre-emplacement-scaled.jpg 2560w,\" sizes=\"(max-width: 2560px) 100vw, 2560px\" style=\"object-fit:cover;object-position:50% 50%\"\/><\/div><div class=\"superblockslider__slide__overlay\"><\/div><div class=\"superblockslider__slide_inner\"><div class=\"inner-blocks\"><\/div><\/div><\/div>\n<\/div><\/div><div class=\"superblockslider__controls superblockslider__buttons\"><button data-button-id=\"0\" aria-label=\"Slide 1\" class=\"superblockslider__button superblockslider__button--active\"><span class=\"superblockslider__button__icon\"><svg width=\"20\" height=\"20\" viewBox=\"0 0 20 20\" xmlns=\"http:\/\/www.w3.org\/2000\/svg\" style=\"fill:#ffffff\"><path d=\"M10 2c4.42 0 8 3.58 8 8s-3.58 8-8 8-8-3.58-8-8 3.58-8 8-8zM10 15c2.76 0 5-2.24 5-5s-2.24-5-5-5-5 2.24-5 5 2.24 5 5 5z\"><\/path><\/svg><\/span><\/button><button data-button-id=\"1\" aria-label=\"Slide 2\" class=\"superblockslider__button\"><span class=\"superblockslider__button__icon\"><svg width=\"20\" height=\"20\" viewBox=\"0 0 20 20\" xmlns=\"http:\/\/www.w3.org\/2000\/svg\" style=\"fill:#ffffff\"><path d=\"M10 2c4.42 0 8 3.58 8 8s-3.58 8-8 8-8-3.58-8-8 3.58-8 8-8zM10 15c2.76 0 5-2.24 5-5s-2.24-5-5-5-5 2.24-5 5 2.24 5 5 5z\"><\/path><\/svg><\/span><\/button><button data-button-id=\"2\" aria-label=\"Slide 3\" class=\"superblockslider__button\"><span class=\"superblockslider__button__icon\"><svg width=\"20\" height=\"20\" viewBox=\"0 0 20 20\" xmlns=\"http:\/\/www.w3.org\/2000\/svg\" style=\"fill:#ffffff\"><path d=\"M10 2c4.42 0 8 3.58 8 8s-3.58 8-8 8-8-3.58-8-8 3.58-8 8-8zM10 15c2.76 0 5-2.24 5-5s-2.24-5-5-5-5 2.24-5 5 2.24 5 5 5z\"><\/path><\/svg><\/span><\/button><button data-button-id=\"3\" aria-label=\"Slide 4\" class=\"superblockslider__button\"><span class=\"superblockslider__button__icon\"><svg width=\"20\" height=\"20\" viewBox=\"0 0 20 20\" xmlns=\"http:\/\/www.w3.org\/2000\/svg\" style=\"fill:#ffffff\"><path d=\"M10 2c4.42 0 8 3.58 8 8s-3.58 8-8 8-8-3.58-8-8 3.58-8 8-8zM10 15c2.76 0 5-2.24 5-5s-2.24-5-5-5-5 2.24-5 5 2.24 5 5 5z\"><\/path><\/svg><\/span><\/button><\/div><div class=\"superblockslider__controls superblockslider__navigation\"><button class=\"superblockslider__button__navigation superblockslider__button__previous\" aria-label=\"Previous slide\"><span class=\"superblockslider__button__previous--icon\"><svg width=\"85\" height=\"85\" xmlns=\"http:\/\/www.w3.org\/2000\/svg\" viewBox=\"0 0 85 85\" role=\"img\" aria-hidden=\"true\" focusable=\"false\"><path d=\"M 65.863 7.136 L 57.367 0 L 19.137 42.478 L 57.367 84.955 L 65.863 77.819 L 33.41 42.478 L 65.863 7.136 Z\" style=\"fill:#ffffff\"><\/path><\/svg><\/span><\/button><button class=\"superblockslider__button__navigation superblockslider__button__next\" aria-label=\"Next slide\"><span class=\"superblockslider__button__next--icon\"><svg width=\"85\" height=\"85\" xmlns=\"http:\/\/www.w3.org\/2000\/svg\" viewBox=\"0 0 85 85\" role=\"img\" aria-hidden=\"true\" focusable=\"false\"><path d=\"M 19.137 7.136 L 27.633 0 L 65.863 42.478 L 27.633 84.955 L 19.137 77.819 L 51.59 42.478 L 19.137 7.136 Z\" style=\"fill:#ffffff\"><\/path><\/svg><\/span><\/button><\/div><\/div>\n\n\n\n<div style=\"height:100px\" aria-hidden=\"true\" class=\"wp-block-spacer\"><\/div>\n\n\n\n<div class=\"wp-block-columns is-layout-flex wp-container-core-columns-is-layout-ccce207b wp-block-columns-is-layout-flex\" style=\"padding-top:0;padding-bottom:0\">\n<div class=\"wp-block-column is-vertically-aligned-top is-layout-flow wp-block-column-is-layout-flow\">\n<figure class=\"wp-block-image aligncenter size-full is-resized\"><img loading=\"lazy\" decoding=\"async\" width=\"512\" height=\"512\" src=\"https:\/\/masdetoureves.fr\/wp-content\/uploads\/2025\/08\/cropped-LOGO-CARRE-512x512-NOIR-T_LOGO-CARRE-512x512-NOIR-Flavicon-2.png\" alt=\"\" class=\"wp-image-55\" style=\"width:40px\" srcset=\"https:\/\/masdetoureves.fr\/wp-content\/uploads\/2025\/08\/cropped-LOGO-CARRE-512x512-NOIR-T_LOGO-CARRE-512x512-NOIR-Flavicon-2.png 512w, https:\/\/masdetoureves.fr\/wp-content\/uploads\/2025\/08\/cropped-LOGO-CARRE-512x512-NOIR-T_LOGO-CARRE-512x512-NOIR-Flavicon-2-300x300.png 300w, https:\/\/masdetoureves.fr\/wp-content\/uploads\/2025\/08\/cropped-LOGO-CARRE-512x512-NOIR-T_LOGO-CARRE-512x512-NOIR-Flavicon-2-150x150.png 150w, https:\/\/masdetoureves.fr\/wp-content\/uploads\/2025\/08\/cropped-LOGO-CARRE-512x512-NOIR-T_LOGO-CARRE-512x512-NOIR-Flavicon-2-270x270.png 270w, https:\/\/masdetoureves.fr\/wp-content\/uploads\/2025\/08\/cropped-LOGO-CARRE-512x512-NOIR-T_LOGO-CARRE-512x512-NOIR-Flavicon-2-192x192.png 192w, https:\/\/masdetoureves.fr\/wp-content\/uploads\/2025\/08\/cropped-LOGO-CARRE-512x512-NOIR-T_LOGO-CARRE-512x512-NOIR-Flavicon-2-180x180.png 180w, https:\/\/masdetoureves.fr\/wp-content\/uploads\/2025\/08\/cropped-LOGO-CARRE-512x512-NOIR-T_LOGO-CARRE-512x512-NOIR-Flavicon-2-32x32.png 32w\" sizes=\"auto, (max-width: 512px) 100vw, 512px\" \/><\/figure>\n\n\n\n<p class=\"has-text-align-center\">Nous travaillons en <strong>polyculture<\/strong>, pour une <strong>agriculture de qualit\u00e9 et durable<\/strong>, <strong>pr\u00e9servant les ressources naturelles et la biodiversit\u00e9.<\/strong> Nous entretenons ainsi nos vergers de pommes et de ch\u00e2taignes en cultures traditionnelles de plein vent, sans <strong>aucun traitement<\/strong>.<\/p>\n<\/div>\n\n\n\n<div class=\"wp-block-column is-layout-flow wp-block-column-is-layout-flow\">\n<figure class=\"wp-block-image aligncenter size-full is-resized\"><img loading=\"lazy\" decoding=\"async\" width=\"512\" height=\"512\" src=\"https:\/\/masdetoureves.fr\/wp-content\/uploads\/2025\/08\/cropped-LOGO-CARRE-512x512-NOIR-T_LOGO-CARRE-512x512-NOIR-Flavicon-2.png\" alt=\"\" class=\"wp-image-55\" style=\"width:40px\" srcset=\"https:\/\/masdetoureves.fr\/wp-content\/uploads\/2025\/08\/cropped-LOGO-CARRE-512x512-NOIR-T_LOGO-CARRE-512x512-NOIR-Flavicon-2.png 512w, https:\/\/masdetoureves.fr\/wp-content\/uploads\/2025\/08\/cropped-LOGO-CARRE-512x512-NOIR-T_LOGO-CARRE-512x512-NOIR-Flavicon-2-300x300.png 300w, https:\/\/masdetoureves.fr\/wp-content\/uploads\/2025\/08\/cropped-LOGO-CARRE-512x512-NOIR-T_LOGO-CARRE-512x512-NOIR-Flavicon-2-150x150.png 150w, https:\/\/masdetoureves.fr\/wp-content\/uploads\/2025\/08\/cropped-LOGO-CARRE-512x512-NOIR-T_LOGO-CARRE-512x512-NOIR-Flavicon-2-270x270.png 270w, https:\/\/masdetoureves.fr\/wp-content\/uploads\/2025\/08\/cropped-LOGO-CARRE-512x512-NOIR-T_LOGO-CARRE-512x512-NOIR-Flavicon-2-192x192.png 192w, https:\/\/masdetoureves.fr\/wp-content\/uploads\/2025\/08\/cropped-LOGO-CARRE-512x512-NOIR-T_LOGO-CARRE-512x512-NOIR-Flavicon-2-180x180.png 180w, https:\/\/masdetoureves.fr\/wp-content\/uploads\/2025\/08\/cropped-LOGO-CARRE-512x512-NOIR-T_LOGO-CARRE-512x512-NOIR-Flavicon-2-32x32.png 32w\" sizes=\"auto, (max-width: 512px) 100vw, 512px\" \/><\/figure>\n\n\n\n<p class=\"has-text-align-center\">Nous cultivons nos plantes ou les cueillons \u00e0 l\u2019<strong>\u00e9tat sauvage<\/strong> dans nos montagnes dans un p\u00e9rim\u00e8tre restreint, en nous attachant \u00e0 pr\u00e9lever seulement ce qui ne nuit pas \u00e0 la <strong>pr\u00e9servation des esp\u00e8ces<\/strong> concern\u00e9es.<\/p>\n<\/div>\n\n\n\n<div class=\"wp-block-column is-vertically-aligned-top is-layout-flow wp-block-column-is-layout-flow\">\n<figure class=\"wp-block-image aligncenter size-full is-resized\"><img loading=\"lazy\" decoding=\"async\" width=\"512\" height=\"512\" src=\"https:\/\/masdetoureves.fr\/wp-content\/uploads\/2025\/08\/cropped-LOGO-CARRE-512x512-NOIR-T_LOGO-CARRE-512x512-NOIR-Flavicon-2.png\" alt=\"\" class=\"wp-image-55\" style=\"width:40px\" srcset=\"https:\/\/masdetoureves.fr\/wp-content\/uploads\/2025\/08\/cropped-LOGO-CARRE-512x512-NOIR-T_LOGO-CARRE-512x512-NOIR-Flavicon-2.png 512w, https:\/\/masdetoureves.fr\/wp-content\/uploads\/2025\/08\/cropped-LOGO-CARRE-512x512-NOIR-T_LOGO-CARRE-512x512-NOIR-Flavicon-2-300x300.png 300w, https:\/\/masdetoureves.fr\/wp-content\/uploads\/2025\/08\/cropped-LOGO-CARRE-512x512-NOIR-T_LOGO-CARRE-512x512-NOIR-Flavicon-2-150x150.png 150w, https:\/\/masdetoureves.fr\/wp-content\/uploads\/2025\/08\/cropped-LOGO-CARRE-512x512-NOIR-T_LOGO-CARRE-512x512-NOIR-Flavicon-2-270x270.png 270w, https:\/\/masdetoureves.fr\/wp-content\/uploads\/2025\/08\/cropped-LOGO-CARRE-512x512-NOIR-T_LOGO-CARRE-512x512-NOIR-Flavicon-2-192x192.png 192w, https:\/\/masdetoureves.fr\/wp-content\/uploads\/2025\/08\/cropped-LOGO-CARRE-512x512-NOIR-T_LOGO-CARRE-512x512-NOIR-Flavicon-2-180x180.png 180w, https:\/\/masdetoureves.fr\/wp-content\/uploads\/2025\/08\/cropped-LOGO-CARRE-512x512-NOIR-T_LOGO-CARRE-512x512-NOIR-Flavicon-2-32x32.png 32w\" sizes=\"auto, (max-width: 512px) 100vw, 512px\" \/><\/figure>\n\n\n\n<p class=\"has-text-align-center\"> Notre petit atelier de transformation nous permet de <strong>conserver nos productions les plus fra\u00eeches possibles, sit\u00f4t apr\u00e8s les avoir cueillies ou ramass\u00e9es<\/strong>. <br>Il nous vient parfois \u00e0 manquer de produits (nous n&rsquo;avons pas de tout toute l&rsquo;ann\u00e9e). Nous vous prions de bien vouloir nous en excuser. Ceci est le garant d&rsquo;une<strong> production de qualit\u00e9.<\/strong><\/p>\n<\/div>\n<\/div>\n\n\n\n<hr class=\"wp-block-separator has-text-color has-ast-global-color-0-color has-alpha-channel-opacity has-ast-global-color-0-background-color has-background\" style=\"margin-top:var(--wp--preset--spacing--80);margin-bottom:var(--wp--preset--spacing--80)\"\/>\n\n\n\n<h2 class=\"wp-block-heading has-text-align-center\">Retrouvez nous sur les march\u00e9s<\/h2>\n\n\n\n<div class=\"wp-block-columns are-vertically-aligned-center is-layout-flex wp-container-core-columns-is-layout-28f84493 wp-block-columns-is-layout-flex\">\n<div class=\"wp-block-column is-vertically-aligned-center is-layout-flow wp-block-column-is-layout-flow\">\n<p class=\"has-text-align-center\"><strong>March\u00e9<br>Villeneuve-l\u00e8s-Avignon<\/strong><br><em>Tous les jeudis<\/em><\/p>\n<\/div>\n\n\n\n<div class=\"wp-block-column is-vertically-aligned-center is-layout-flow wp-block-column-is-layout-flow\">\n<p class=\"has-text-align-center\"><strong>Halles de l\u2019Abbaye \u00e0 Al\u00e8s<\/strong><br><em>Tous les vendredis, samedis &amp; dimanches matin<br>de 7h \u00e0 13h<\/em><\/p>\n<\/div>\n<\/div>\n\n\n\n<div class=\"wp-block-buttons is-content-justification-center is-layout-flex wp-container-core-buttons-is-layout-a89b3969 wp-block-buttons-is-layout-flex\">\n<div class=\"wp-block-button\"><a class=\"wp-block-button__link wp-element-button\" href=\"https:\/\/masdetoureves.fr\/index.php\/contact-ou-trouver-nos-produits\/\">O\u00f9 trouver nos produits<\/a><\/div>\n<\/div>\n\n\n\n<hr class=\"wp-block-separator has-text-color has-ast-global-color-0-color has-alpha-channel-opacity has-ast-global-color-0-background-color has-background\" style=\"margin-top:var(--wp--preset--spacing--80);margin-bottom:var(--wp--preset--spacing--80)\"\/>\n\n\n\n<div class=\"wp-block-group alignwide has-accent-5-background-color has-background is-layout-constrained wp-container-core-group-is-layout-d89aad35 wp-block-group-is-layout-constrained\" style=\"margin-top:0;margin-bottom:0;padding-top:var(--wp--preset--spacing--50);padding-right:var(--wp--preset--spacing--50);padding-bottom:var(--wp--preset--spacing--50);padding-left:var(--wp--preset--spacing--50)\">\n<div class=\"wp-block-columns are-vertically-aligned-center is-layout-flex wp-container-core-columns-is-layout-1da03c2a wp-block-columns-is-layout-flex\">\n<div class=\"wp-block-column is-vertically-aligned-center is-layout-flow wp-block-column-is-layout-flow\" style=\"flex-basis:40%\">\n<figure class=\"wp-block-gallery has-nested-images columns-default is-cropped wp-block-gallery-1 is-layout-flex wp-block-gallery-is-layout-flex\">\n<figure class=\"wp-block-image aligncenter size-full is-style-default\" style=\"margin-top:0;margin-bottom:0\"><img loading=\"lazy\" decoding=\"async\" width=\"889\" height=\"536\" data-id=\"221\" src=\"https:\/\/masdetoureves.fr\/wp-content\/uploads\/2025\/08\/Logo-AB-FR-UE-AGRI-FRANCE.jpg\" alt=\"\" class=\"wp-image-221\" srcset=\"https:\/\/masdetoureves.fr\/wp-content\/uploads\/2025\/08\/Logo-AB-FR-UE-AGRI-FRANCE.jpg 889w, https:\/\/masdetoureves.fr\/wp-content\/uploads\/2025\/08\/Logo-AB-FR-UE-AGRI-FRANCE-300x181.jpg 300w, https:\/\/masdetoureves.fr\/wp-content\/uploads\/2025\/08\/Logo-AB-FR-UE-AGRI-FRANCE-768x463.jpg 768w\" sizes=\"auto, (max-width: 889px) 100vw, 889px\" \/><\/figure>\n<\/figure>\n<\/div>\n\n\n\n<div class=\"wp-block-column is-vertically-aligned-center is-layout-flow wp-block-column-is-layout-flow\" style=\"flex-basis:50%\">\n<p class=\"has-text-align-center\">Prendre soin de notre environnement, de l\u2019eau, des sols et de la biodiversit\u00e9 est au c\u0153ur de nos pr\u00e9occupations. C&rsquo;est aussi arriver &#8211; sur de petites parcelles (3 hectares environ) &#8211; \u00e0 produire assez pour vivre du m\u00e9tier d&rsquo;agriculteur. En vivre sans aucun engrais de synth\u00e8se ni aucun traitement, sur aucune de nos cultures, sans exception.<br>Retrouver le bonheur de cultiver et de transformer des produits bons et sains.<\/p>\n\n\n\n<div class=\"wp-block-buttons is-content-justification-center is-layout-flex wp-container-core-buttons-is-layout-a89b3969 wp-block-buttons-is-layout-flex\">\n<div class=\"wp-block-button\"><a class=\"wp-block-button__link wp-element-button\" href=\"https:\/\/masdetoureves.fr\/index.php\/nos-produits\/\">Nos produits<\/a><\/div>\n<\/div>\n<\/div>\n<\/div>\n<\/div>\n\n\n\n<hr class=\"wp-block-separator has-text-color has-ast-global-color-0-color has-alpha-channel-opacity has-ast-global-color-0-background-color has-background\" style=\"margin-top:var(--wp--preset--spacing--80);margin-bottom:var(--wp--preset--spacing--80)\"\/>\n\n\n\n<figure class=\"wp-block-pullquote has-text-align-center\" style=\"margin-top:0;margin-right:0;margin-bottom:0;margin-left:0;padding-top:0;padding-right:0;padding-bottom:0;padding-left:0;font-size:16px\"><blockquote><p><em>Reconduisons la vie, avec la certitude qu&rsquo;aucun effort ne peut finir dans le d\u00e9sert.<br>Un jour viendra quelqu&rsquo;un boira \u00e0 pleines mains l&rsquo;eau de lumi\u00e8re qui sourdra des pierres<br>de ce temps nouveau que nous sculptons.<\/em><\/p><cite>Miquel Mart\u00ed i Pol\u2028<br>Extrait de &#8211; Le domaine de tous les domaines.<\/cite><\/blockquote><\/figure>\n","protected":false},"excerpt":{"rendered":"<p>Ferme familiale c\u00e9venole en agriculture biologique. Production dePlantes aromatiques &amp; m\u00e9dicinales, ch\u00e2taignes, pommes, miels et petits fruits rouges Nous travaillons [&hellip;]<\/p>\n","protected":false},"author":1,"featured_media":0,"parent":0,"menu_order":0,"comment_status":"closed","ping_status":"closed","template":"","meta":{"site-sidebar-layout":"default","site-content-layout":"","ast-site-content-layout":"default","site-content-style":"default","site-sidebar-style":"default","ast-global-header-display":"","ast-banner-title-visibility":"","ast-main-header-display":"","ast-hfb-above-header-display":"","ast-hfb-below-header-display":"","ast-hfb-mobile-header-display":"","site-post-title":"","ast-breadcrumbs-content":"","ast-featured-img":"","footer-sml-layout":"","theme-transparent-header-meta":"","adv-header-id-meta":"","stick-header-meta":"","header-above-stick-meta":"","header-main-stick-meta":"","header-below-stick-meta":"","astra-migrate-meta-layouts":"default","ast-page-background-enabled":"default","ast-page-background-meta":{"desktop":{"background-color":"var(--ast-global-color-5)","background-image":"","background-repeat":"repeat","background-position":"center center","background-size":"auto","background-attachment":"scroll","background-type":"","background-media":"","overlay-type":"","overlay-color":"","overlay-opacity":"","overlay-gradient":""},"tablet":{"background-color":"","background-image":"","background-repeat":"repeat","background-position":"center center","background-size":"auto","background-attachment":"scroll","background-type":"","background-media":"","overlay-type":"","overlay-color":"","overlay-opacity":"","overlay-gradient":""},"mobile":{"background-color":"","background-image":"","background-repeat":"repeat","background-position":"center center","background-size":"auto","background-attachment":"scroll","background-type":"","background-media":"","overlay-type":"","overlay-color":"","overlay-opacity":"","overlay-gradient":""}},"ast-content-background-meta":{"desktop":{"background-color":"var(--ast-global-color-4)","background-image":"","background-repeat":"repeat","background-position":"center center","background-size":"auto","background-attachment":"scroll","background-type":"","background-media":"","overlay-type":"","overlay-color":"","overlay-opacity":"","overlay-gradient":""},"tablet":{"background-color":"var(--ast-global-color-4)","background-image":"","background-repeat":"repeat","background-position":"center center","background-size":"auto","background-attachment":"scroll","background-type":"","background-media":"","overlay-type":"","overlay-color":"","overlay-opacity":"","overlay-gradient":""},"mobile":{"background-color":"var(--ast-global-color-4)","background-image":"","background-repeat":"repeat","background-position":"center center","background-size":"auto","background-attachment":"scroll","background-type":"","background-media":"","overlay-type":"","overlay-color":"","overlay-opacity":"","overlay-gradient":""}},"footnotes":""},"class_list":["post-28","page","type-page","status-publish","hentry"],"_links":{"self":[{"href":"https:\/\/masdetoureves.fr\/index.php\/wp-json\/wp\/v2\/pages\/28","targetHints":{"allow":["GET"]}}],"collection":[{"href":"https:\/\/masdetoureves.fr\/index.php\/wp-json\/wp\/v2\/pages"}],"about":[{"href":"https:\/\/masdetoureves.fr\/index.php\/wp-json\/wp\/v2\/types\/page"}],"author":[{"embeddable":true,"href":"https:\/\/masdetoureves.fr\/index.php\/wp-json\/wp\/v2\/users\/1"}],"replies":[{"embeddable":true,"href":"https:\/\/masdetoureves.fr\/index.php\/wp-json\/wp\/v2\/comments?post=28"}],"version-history":[{"count":89,"href":"https:\/\/masdetoureves.fr\/index.php\/wp-json\/wp\/v2\/pages\/28\/revisions"}],"predecessor-version":[{"id":615,"href":"https:\/\/masdetoureves.fr\/index.php\/wp-json\/wp\/v2\/pages\/28\/revisions\/615"}],"wp:attachment":[{"href":"https:\/\/masdetoureves.fr\/index.php\/wp-json\/wp\/v2\/media?parent=28"}],"curies":[{"name":"wp","href":"https:\/\/api.w.org\/{rel}","templated":true}]}}