{"id":8,"date":"2025-07-12T15:16:26","date_gmt":"2025-07-12T15:16:26","guid":{"rendered":"https:\/\/masdetoureves.fr\/?page_id=8"},"modified":"2025-08-18T09:19:34","modified_gmt":"2025-08-18T09:19:34","slug":"qui-sommes-nous","status":"publish","type":"page","link":"https:\/\/masdetoureves.fr\/index.php\/qui-sommes-nous\/","title":{"rendered":"Qui sommes-nous?"},"content":{"rendered":"\n<p class=\"has-text-align-center has-medium-font-size\">Depuis 2017, notre ferme familiale est situ\u00e9e en Loz\u00e8re,<br>au c\u0153ur de la Vall\u00e9e longue en C\u00e9vennes (entre Al\u00e8s et Florac).<\/p>\n\n\n\n<hr class=\"wp-block-separator has-text-color has-ast-global-color-0-color has-alpha-channel-opacity has-ast-global-color-0-background-color has-background\"\/>\n\n\n\n<div class=\"wp-block-columns alignwide are-vertically-aligned-center is-layout-flex wp-container-core-columns-is-layout-ec2e7a44 wp-block-columns-is-layout-flex\" style=\"padding-top:0;padding-bottom:0\">\n<div class=\"wp-block-column is-vertically-aligned-center is-layout-flow wp-block-column-is-layout-flow\" style=\"flex-basis:30.3%\">\n<figure class=\"wp-block-image aligncenter size-large is-resized\"><img loading=\"lazy\" decoding=\"async\" width=\"768\" height=\"1024\" src=\"https:\/\/masdetoureves.fr\/wp-content\/uploads\/2025\/08\/Main-doeuvre-768x1024.jpg\" alt=\"\" class=\"wp-image-410\" style=\"width:auto;height:300px\" srcset=\"https:\/\/masdetoureves.fr\/wp-content\/uploads\/2025\/08\/Main-doeuvre-768x1024.jpg 768w, https:\/\/masdetoureves.fr\/wp-content\/uploads\/2025\/08\/Main-doeuvre-225x300.jpg 225w, https:\/\/masdetoureves.fr\/wp-content\/uploads\/2025\/08\/Main-doeuvre-1152x1536.jpg 1152w, https:\/\/masdetoureves.fr\/wp-content\/uploads\/2025\/08\/Main-doeuvre-1536x2048.jpg 1536w, https:\/\/masdetoureves.fr\/wp-content\/uploads\/2025\/08\/Main-doeuvre-scaled.jpg 1920w\" sizes=\"auto, (max-width: 768px) 100vw, 768px\" \/><\/figure>\n<\/div>\n\n\n\n<div class=\"wp-block-column is-vertically-aligned-center is-layout-flow wp-block-column-is-layout-flow\" style=\"flex-basis:36.37%\">\n<p class=\"has-text-align-center\">Nous avons une m\u00e9canisation tr\u00e8s faible, due au relief. Nous cultivons sur des fa\u00efsses, ou bancels. Nous n\u2019avons aucun intrant (nous paillons avec notre propre foin par exemple). Nous n\u2019utilisons que des produits qui viennent de chez nous (cire d\u2019abeilles, huiles essentielles par exemple). Seul le sucre et l\u2019huile d\u2019olive viennent d\u2019ailleurs. L\u2019huile provient du Domaine des Bastidettes \u00e0 Saint-Martin-de-Crau. Une huile biologique de producteur.<\/p>\n<\/div>\n\n\n\n<div class=\"wp-block-column is-layout-flow wp-block-column-is-layout-flow\" style=\"flex-basis:33.33%\">\n<figure class=\"wp-block-image aligncenter size-large is-resized\"><img loading=\"lazy\" decoding=\"async\" width=\"768\" height=\"1024\" src=\"https:\/\/masdetoureves.fr\/wp-content\/uploads\/2025\/08\/Foin-paillage-V2-768x1024.jpg\" alt=\"\" class=\"wp-image-444\" style=\"width:auto;height:300px\" srcset=\"https:\/\/masdetoureves.fr\/wp-content\/uploads\/2025\/08\/Foin-paillage-V2-768x1024.jpg 768w, https:\/\/masdetoureves.fr\/wp-content\/uploads\/2025\/08\/Foin-paillage-V2-225x300.jpg 225w, https:\/\/masdetoureves.fr\/wp-content\/uploads\/2025\/08\/Foin-paillage-V2-1152x1536.jpg 1152w, https:\/\/masdetoureves.fr\/wp-content\/uploads\/2025\/08\/Foin-paillage-V2-1536x2048.jpg 1536w, https:\/\/masdetoureves.fr\/wp-content\/uploads\/2025\/08\/Foin-paillage-V2-scaled.jpg 1920w\" sizes=\"auto, (max-width: 768px) 100vw, 768px\" \/><\/figure>\n<\/div>\n<\/div>\n\n\n\n<div class=\"wp-block-columns is-layout-flex wp-container-core-columns-is-layout-28f84493 wp-block-columns-is-layout-flex\">\n<div class=\"wp-block-column is-layout-flow wp-block-column-is-layout-flow\">\n<div class=\"wp-block-superblockslider-slider superblockslider\" style=\"height:100vh;width:100%\" data-transition-duration=\".6s\" data-animation=\"cubic-bezier(0.46, 0.03, 0.52, 0.96)\"><div class=\"superblockslider__window\"><div class=\"superblockslider__track\" style=\"width:700%;transform:translateX(-0.0000%);transition-duration:.6s;transition-timing-function:cubic-bezier(0.46, 0.03, 0.52, 0.96)\">\n<div class=\"wp-block-superblockslider-slide superblockslider__slide superblockslider__slide--active\" data-slide-index=\"0\"><div class=\"superblockslider__slide__bg\"><img fetchpriority=\"high\" decoding=\"async\" class=\"image--xl visible--xl visible--sm visible--md visible--lg\" src=\"https:\/\/masdetoureves.fr\/wp-content\/uploads\/2025\/08\/Qui-sommes-nous-intimites_Insectes-2-scaled.jpg\" width=\"2560\" height=\"1440\" title=\"Qui sommes-nous intimites_Insectes 2\" alt=\"\" loading=\"eager\" srcset=\"https:\/\/masdetoureves.fr\/wp-content\/uploads\/2025\/08\/Qui-sommes-nous-intimites_Insectes-2-150x150.jpg 150w,https:\/\/masdetoureves.fr\/wp-content\/uploads\/2025\/08\/Qui-sommes-nous-intimites_Insectes-2-300x169.jpg 300w,https:\/\/masdetoureves.fr\/wp-content\/uploads\/2025\/08\/Qui-sommes-nous-intimites_Insectes-2-1024x576.jpg 1024w,https:\/\/masdetoureves.fr\/wp-content\/uploads\/2025\/08\/Qui-sommes-nous-intimites_Insectes-2-scaled.jpg 2560w,\" sizes=\"(max-width: 2560px) 100vw, 2560px\" style=\"object-fit:cover;object-position:50% 50%\"\/><\/div><div class=\"superblockslider__slide__overlay\"><\/div><div class=\"superblockslider__slide_inner\"><div class=\"inner-blocks\"><\/div><\/div><\/div>\n\n\n\n<div class=\"wp-block-superblockslider-slide superblockslider__slide\" data-slide-index=\"1\"><div class=\"superblockslider__slide__bg\"><img decoding=\"async\" class=\"image--xl visible--xl visible--sm visible--md visible--lg\" src=\"https:\/\/masdetoureves.fr\/wp-content\/uploads\/2025\/08\/Qui-sommes-nous-intimites_Insectes3-scaled.jpg\" width=\"1920\" height=\"2560\" title=\"Qui sommes-nous intimites_Insectes3\" alt=\"\" loading=\"eager\" srcset=\"https:\/\/masdetoureves.fr\/wp-content\/uploads\/2025\/08\/Qui-sommes-nous-intimites_Insectes3-150x150.jpg 150w,https:\/\/masdetoureves.fr\/wp-content\/uploads\/2025\/08\/Qui-sommes-nous-intimites_Insectes3-225x300.jpg 225w,https:\/\/masdetoureves.fr\/wp-content\/uploads\/2025\/08\/Qui-sommes-nous-intimites_Insectes3-768x1024.jpg 768w,https:\/\/masdetoureves.fr\/wp-content\/uploads\/2025\/08\/Qui-sommes-nous-intimites_Insectes3-scaled.jpg 1920w,\" sizes=\"(max-width: 1920px) 100vw, 1920px\" style=\"object-fit:cover;object-position:50% 50%\"\/><\/div><div class=\"superblockslider__slide__overlay\"><\/div><div class=\"superblockslider__slide_inner\"><div class=\"inner-blocks\"><\/div><\/div><\/div>\n\n\n\n<div class=\"wp-block-superblockslider-slide superblockslider__slide\" data-slide-index=\"2\"><div class=\"superblockslider__slide__bg\"><img decoding=\"async\" class=\"image--xl visible--xl visible--sm visible--md visible--lg\" src=\"https:\/\/masdetoureves.fr\/wp-content\/uploads\/2025\/08\/Qui-sommes-nous-intimites_Insectes-scaled.jpg\" width=\"1440\" height=\"2560\" title=\"Qui sommes-nous intimites_Insectes\" alt=\"\" loading=\"eager\" srcset=\"https:\/\/masdetoureves.fr\/wp-content\/uploads\/2025\/08\/Qui-sommes-nous-intimites_Insectes-150x150.jpg 150w,https:\/\/masdetoureves.fr\/wp-content\/uploads\/2025\/08\/Qui-sommes-nous-intimites_Insectes-169x300.jpg 169w,https:\/\/masdetoureves.fr\/wp-content\/uploads\/2025\/08\/Qui-sommes-nous-intimites_Insectes-576x1024.jpg 576w,https:\/\/masdetoureves.fr\/wp-content\/uploads\/2025\/08\/Qui-sommes-nous-intimites_Insectes-scaled.jpg 1440w,\" sizes=\"(max-width: 1440px) 100vw, 1440px\" style=\"object-fit:cover;object-position:50% 50%\"\/><\/div><div class=\"superblockslider__slide__overlay\"><\/div><div class=\"superblockslider__slide_inner\"><div class=\"inner-blocks\"><\/div><\/div><\/div>\n\n\n\n<div class=\"wp-block-superblockslider-slide superblockslider__slide\" data-slide-index=\"3\"><div class=\"superblockslider__slide__bg\"><img decoding=\"async\" class=\"image--xl visible--xl visible--sm visible--md visible--lg\" src=\"https:\/\/masdetoureves.fr\/wp-content\/uploads\/2025\/08\/Qui-sommes-nous-intimites_Salamandre.jpg\" title=\"Qui sommes-nous intimites_Salamandre\" alt=\"\" loading=\"eager\" srcset=\"\" sizes=\"(max-width: undefinedpx) 100vw, undefinedpx\" style=\"object-fit:cover;object-position:50% 50%\"\/><\/div><div class=\"superblockslider__slide__overlay\"><\/div><div class=\"superblockslider__slide_inner\"><div class=\"inner-blocks\"><\/div><\/div><\/div>\n\n\n\n<div class=\"wp-block-superblockslider-slide superblockslider__slide\" data-slide-index=\"4\"><div class=\"superblockslider__slide__bg\"><img decoding=\"async\" class=\"image--xl visible--xl visible--sm visible--md visible--lg\" src=\"https:\/\/masdetoureves.fr\/wp-content\/uploads\/2025\/08\/Qui-sommes-nous-intimites_Insectes4-scaled.jpg\" width=\"1440\" height=\"2560\" title=\"Qui sommes-nous intimites_Insectes4\" alt=\"\" loading=\"eager\" srcset=\"https:\/\/masdetoureves.fr\/wp-content\/uploads\/2025\/08\/Qui-sommes-nous-intimites_Insectes4-150x150.jpg 150w,https:\/\/masdetoureves.fr\/wp-content\/uploads\/2025\/08\/Qui-sommes-nous-intimites_Insectes4-169x300.jpg 169w,https:\/\/masdetoureves.fr\/wp-content\/uploads\/2025\/08\/Qui-sommes-nous-intimites_Insectes4-576x1024.jpg 576w,https:\/\/masdetoureves.fr\/wp-content\/uploads\/2025\/08\/Qui-sommes-nous-intimites_Insectes4-scaled.jpg 1440w,\" sizes=\"(max-width: 1440px) 100vw, 1440px\" style=\"object-fit:cover;object-position:50% 50%\"\/><\/div><div class=\"superblockslider__slide__overlay\"><\/div><div class=\"superblockslider__slide_inner\"><div class=\"inner-blocks\"><\/div><\/div><\/div>\n\n\n\n<div class=\"wp-block-superblockslider-slide superblockslider__slide\" data-slide-index=\"5\"><div class=\"superblockslider__slide__bg\"><img decoding=\"async\" class=\"image--xl visible--xl visible--sm visible--md visible--lg\" src=\"https:\/\/masdetoureves.fr\/wp-content\/uploads\/2025\/08\/Phasme-scaled.jpg\" width=\"2560\" height=\"1920\" title=\"Phasme\" alt=\"\" loading=\"eager\" srcset=\"https:\/\/masdetoureves.fr\/wp-content\/uploads\/2025\/08\/Phasme-150x150.jpg 150w,https:\/\/masdetoureves.fr\/wp-content\/uploads\/2025\/08\/Phasme-300x225.jpg 300w,https:\/\/masdetoureves.fr\/wp-content\/uploads\/2025\/08\/Phasme-1024x768.jpg 1024w,https:\/\/masdetoureves.fr\/wp-content\/uploads\/2025\/08\/Phasme-scaled.jpg 2560w,\" sizes=\"(max-width: 2560px) 100vw, 2560px\" style=\"object-fit:cover;object-position:50% 50%\"\/><\/div><div class=\"superblockslider__slide__overlay\"><\/div><div class=\"superblockslider__slide_inner\"><div class=\"inner-blocks\"><\/div><\/div><\/div>\n\n\n\n<div class=\"wp-block-superblockslider-slide superblockslider__slide\" data-slide-index=\"6\"><div class=\"superblockslider__slide__bg\"><img decoding=\"async\" class=\"image--xl visible--xl visible--sm visible--md visible--lg\" src=\"https:\/\/masdetoureves.fr\/wp-content\/uploads\/2025\/08\/Insectes-5-scaled.jpg\" width=\"1440\" height=\"2560\" title=\"Insectes 5\" alt=\"\" loading=\"eager\" srcset=\"https:\/\/masdetoureves.fr\/wp-content\/uploads\/2025\/08\/Insectes-5-150x150.jpg 150w,https:\/\/masdetoureves.fr\/wp-content\/uploads\/2025\/08\/Insectes-5-169x300.jpg 169w,https:\/\/masdetoureves.fr\/wp-content\/uploads\/2025\/08\/Insectes-5-576x1024.jpg 576w,https:\/\/masdetoureves.fr\/wp-content\/uploads\/2025\/08\/Insectes-5-scaled.jpg 1440w,\" sizes=\"(max-width: 1440px) 100vw, 1440px\" style=\"object-fit:cover;object-position:50% 50%\"\/><\/div><div class=\"superblockslider__slide__overlay\"><\/div><div class=\"superblockslider__slide_inner\"><div class=\"inner-blocks\"><\/div><\/div><\/div>\n<\/div><\/div><div class=\"superblockslider__controls superblockslider__buttons\"><button data-button-id=\"0\" aria-label=\"Slide 1\" class=\"superblockslider__button superblockslider__button--active\"><span class=\"superblockslider__button__icon\"><svg width=\"20\" height=\"20\" viewBox=\"0 0 20 20\" xmlns=\"http:\/\/www.w3.org\/2000\/svg\" style=\"fill:var(--ast-global-color-4)\"><path d=\"M10 2c4.42 0 8 3.58 8 8s-3.58 8-8 8-8-3.58-8-8 3.58-8 8-8zM10 15c2.76 0 5-2.24 5-5s-2.24-5-5-5-5 2.24-5 5 2.24 5 5 5z\"><\/path><\/svg><\/span><\/button><button data-button-id=\"1\" aria-label=\"Slide 2\" class=\"superblockslider__button\"><span class=\"superblockslider__button__icon\"><svg width=\"20\" height=\"20\" viewBox=\"0 0 20 20\" xmlns=\"http:\/\/www.w3.org\/2000\/svg\" style=\"fill:var(--ast-global-color-4)\"><path d=\"M10 2c4.42 0 8 3.58 8 8s-3.58 8-8 8-8-3.58-8-8 3.58-8 8-8zM10 15c2.76 0 5-2.24 5-5s-2.24-5-5-5-5 2.24-5 5 2.24 5 5 5z\"><\/path><\/svg><\/span><\/button><button data-button-id=\"2\" aria-label=\"Slide 3\" class=\"superblockslider__button\"><span class=\"superblockslider__button__icon\"><svg width=\"20\" height=\"20\" viewBox=\"0 0 20 20\" xmlns=\"http:\/\/www.w3.org\/2000\/svg\" style=\"fill:var(--ast-global-color-4)\"><path d=\"M10 2c4.42 0 8 3.58 8 8s-3.58 8-8 8-8-3.58-8-8 3.58-8 8-8zM10 15c2.76 0 5-2.24 5-5s-2.24-5-5-5-5 2.24-5 5 2.24 5 5 5z\"><\/path><\/svg><\/span><\/button><button data-button-id=\"3\" aria-label=\"Slide 4\" class=\"superblockslider__button\"><span class=\"superblockslider__button__icon\"><svg width=\"20\" height=\"20\" viewBox=\"0 0 20 20\" xmlns=\"http:\/\/www.w3.org\/2000\/svg\" style=\"fill:var(--ast-global-color-4)\"><path d=\"M10 2c4.42 0 8 3.58 8 8s-3.58 8-8 8-8-3.58-8-8 3.58-8 8-8zM10 15c2.76 0 5-2.24 5-5s-2.24-5-5-5-5 2.24-5 5 2.24 5 5 5z\"><\/path><\/svg><\/span><\/button><button data-button-id=\"4\" aria-label=\"Slide 5\" class=\"superblockslider__button\"><span class=\"superblockslider__button__icon\"><svg width=\"20\" height=\"20\" viewBox=\"0 0 20 20\" xmlns=\"http:\/\/www.w3.org\/2000\/svg\" style=\"fill:var(--ast-global-color-4)\"><path d=\"M10 2c4.42 0 8 3.58 8 8s-3.58 8-8 8-8-3.58-8-8 3.58-8 8-8zM10 15c2.76 0 5-2.24 5-5s-2.24-5-5-5-5 2.24-5 5 2.24 5 5 5z\"><\/path><\/svg><\/span><\/button><button data-button-id=\"5\" aria-label=\"Slide 6\" class=\"superblockslider__button\"><span class=\"superblockslider__button__icon\"><svg width=\"20\" height=\"20\" viewBox=\"0 0 20 20\" xmlns=\"http:\/\/www.w3.org\/2000\/svg\" style=\"fill:var(--ast-global-color-4)\"><path d=\"M10 2c4.42 0 8 3.58 8 8s-3.58 8-8 8-8-3.58-8-8 3.58-8 8-8zM10 15c2.76 0 5-2.24 5-5s-2.24-5-5-5-5 2.24-5 5 2.24 5 5 5z\"><\/path><\/svg><\/span><\/button><button data-button-id=\"6\" aria-label=\"Slide 7\" class=\"superblockslider__button\"><span class=\"superblockslider__button__icon\"><svg width=\"20\" height=\"20\" viewBox=\"0 0 20 20\" xmlns=\"http:\/\/www.w3.org\/2000\/svg\" style=\"fill:var(--ast-global-color-4)\"><path d=\"M10 2c4.42 0 8 3.58 8 8s-3.58 8-8 8-8-3.58-8-8 3.58-8 8-8zM10 15c2.76 0 5-2.24 5-5s-2.24-5-5-5-5 2.24-5 5 2.24 5 5 5z\"><\/path><\/svg><\/span><\/button><\/div><div class=\"superblockslider__controls superblockslider__navigation\"><button class=\"superblockslider__button__navigation superblockslider__button__previous\" aria-label=\"Previous slide\"><span class=\"superblockslider__button__previous--icon\"><svg width=\"85\" height=\"85\" xmlns=\"http:\/\/www.w3.org\/2000\/svg\" viewBox=\"0 0 85 85\" role=\"img\" aria-hidden=\"true\" focusable=\"false\"><path d=\"M 65.863 7.136 L 57.367 0 L 19.137 42.478 L 57.367 84.955 L 65.863 77.819 L 33.41 42.478 L 65.863 7.136 Z\" style=\"fill:var(--ast-global-color-4)\"><\/path><\/svg><\/span><\/button><button class=\"superblockslider__button__navigation superblockslider__button__next\" aria-label=\"Next slide\"><span class=\"superblockslider__button__next--icon\"><svg width=\"85\" height=\"85\" xmlns=\"http:\/\/www.w3.org\/2000\/svg\" viewBox=\"0 0 85 85\" role=\"img\" aria-hidden=\"true\" focusable=\"false\"><path d=\"M 19.137 7.136 L 27.633 0 L 65.863 42.478 L 27.633 84.955 L 19.137 77.819 L 51.59 42.478 L 19.137 7.136 Z\" style=\"fill:var(--ast-global-color-4)\"><\/path><\/svg><\/span><\/button><\/div><\/div>\n<\/div>\n\n\n\n<div class=\"wp-block-column is-vertically-aligned-center is-layout-flow wp-block-column-is-layout-flow\">\n<p class=\"has-text-align-center\">Nous nous attachons \u00e0 cr\u00e9er des zones humides, aussi petites soient-elles. Nous attachons une importance fondamentale \u00e0 voir la vie des insectes, batraciens, serpents, petits mammif\u00e8res, oiseaux se d\u00e9velopper.<\/p>\n\n\n\n<p class=\"has-text-align-center has-ast-global-color-1-color has-text-color has-link-color has-medium-font-size wp-elements-eddc612226e4836ccd73e51e7c07c17b\">La qualit\u00e9 d\u2019une ferme devrait \u00eatre \u00e9valu\u00e9e, entre autres, par la biodiversit\u00e9 qu\u2019elle permet d\u2019accueillir.<\/p>\n\n\n\n<p class=\"has-text-align-center\">Il y a a peu pr\u00e8s une couleuvre par bancel, nous connaissons leur repaires. Nous avons des h\u00e9rissons, des musaraignes, des salamandres, des alytes accoucheurs, des phasmes, des mantes religieuses\u2026<\/p>\n<\/div>\n<\/div>\n\n\n\n<hr class=\"wp-block-separator has-text-color has-ast-global-color-0-color has-alpha-channel-opacity has-ast-global-color-0-background-color has-background\"\/>\n\n\n\n<p class=\"has-text-align-center has-ast-global-color-1-color has-text-color has-link-color has-large-font-size wp-elements-a3fa3673d113dfc6123bccb7cacfb558\"><strong>L\u2019\u00e9quilibre de notre \u00e9conomie provient de deux choses<\/strong><\/p>\n\n\n\n<div class=\"wp-block-columns are-vertically-aligned-top is-layout-flex wp-container-core-columns-is-layout-78a87d5c wp-block-columns-is-layout-flex\" style=\"margin-top:0;margin-bottom:0;padding-top:0;padding-right:0;padding-bottom:0;padding-left:0\">\n<div class=\"wp-block-column is-vertically-aligned-top is-layout-flow wp-block-column-is-layout-flow\">\n<h2 class=\"wp-block-heading has-text-align-center has-large-font-size\">La diversit\u00e9 culturale<\/h2>\n\n\n\n<p class=\"has-text-align-center\">Lorsqu\u2019une culture ne fonctionne pas <strong>nous ne traitons jamais rien<\/strong>, pas m\u00eame la soi-disant inoffensive bouillie bordelaise, rien, <strong>aucun intrant n\u2019arrive sur nos cultures ou nos vergers<\/strong>. Ce qui nous permet de fonctionner ainsi est la diversit\u00e9 culturale, le fait que si nous ratons une culture, nous pouvons \u00e9conomiquement nous rattraper sur autre chose. Et il se trouve qu\u2019en dix ans d\u2019exp\u00e9rience maintenant, lorsqu\u2019une maladie arrive, elle est peu a peu r\u00e9gul\u00e9e dans le temps. De m\u00eame que quand le puceron arrive, une cohorte de coccinelles apparaissent quelques jours plus tard. Lorsqu\u2019un nombre important de musaraignes voient le jour, la r\u00e9gulation op\u00e8re rapidement, certainement gr\u00e2ce aux couleuvres implant\u00e9es.<\/p>\n<\/div>\n\n\n\n<div class=\"wp-block-column is-vertically-aligned-top is-layout-flow wp-block-column-is-layout-flow\">\n<h2 class=\"wp-block-heading has-text-align-center has-large-font-size\">La vente en direct<\/h2>\n\n\n\n<p class=\"has-text-align-center\">La vente en direct est centrale. Elle nous permet d\u2019avoir une multitude de clients qui sont le socle de notre ind\u00e9pendance \u00e9conomique (et par l\u00e0 m\u00eame, de notre ind\u00e9pendance en terme de choix culturaux). Elle nous permet d\u2019avoir des retours, de <strong>cr\u00e9er de nouveaux produits en fonction des besoins<\/strong>. La vente en direct nous permet d\u2019avoir une client\u00e8le qui comprends le fait que parfois, la production nous manque, qu\u2019elle est <strong>saisonni\u00e8re<\/strong>, et que nous ne pouvons avoir de tout.<\/p>\n<\/div>\n<\/div>\n\n\n\n<p class=\"has-text-align-center has-ast-global-color-1-color has-text-color has-link-color has-medium-font-size wp-elements-db8f9cc6217be01c170e726217c17cec\" style=\"margin-top:var(--wp--preset--spacing--50);margin-bottom:var(--wp--preset--spacing--50)\"><strong>Une autre agriculture est possible&nbsp;!<br>Encore faut-il se donner les moyens d\u2019aider ceux qui, pris dans les h\u00e9ritages culturels et les m\u00e9andres des banques et autres \u00ab&nbsp;conseillers&nbsp;\u00bb agricoles, sont aujourd\u2019hui encore trop seuls dans l\u2019impasse.<\/strong><\/p>\n\n\n\n<hr class=\"wp-block-separator has-text-color has-ast-global-color-0-color has-alpha-channel-opacity has-ast-global-color-0-background-color has-background\" style=\"margin-top:var(--wp--preset--spacing--60);margin-bottom:var(--wp--preset--spacing--60)\"\/>\n\n\n\n<p class=\"has-text-align-center\">Merci \u00e0 tous les clients que nous croisons sur les march\u00e9s,<br>qui nous ach\u00e8tent des produits dans nos boutiques partenaires et qui nous font confiance.<br>Ceux sans qui nous n\u2019aurions aucun int\u00e9r\u00eat \u00e0 travailler ainsi.<\/p>\n\n\n\n<p class=\"has-text-align-center\">Merci aussi \u00e0 toutes les boutiques partenaires et revendeurs,<br>qui choisissent m\u00e9ticuleusement leurs approvisionnement<br>et font un travail \u00e9norme, politiquement essentiel.<\/p>\n\n\n\n<p class=\"has-text-align-center\">Merci \u00e0 tous ceux qui nous ont permis d\u2019\u00eatre l\u00e0, Le\u00efla, H\u00e9lio, Jaco et moi,<br>au c\u0153ur de cette po\u00e9sie et de cette beaut\u00e9, \u00e0 tous ceux qui nous aident inlassablement\u2026<br>Pierre P\u00e9ret, Ma\u00efth\u00e9 Besson, Jean-Etienne Tournier, Laurette Bidermann,<br>Isabelle Lanaud, Anoucka Bonnardel, Vincent Br\u00e9dif, Yves Fauchon,<br>Lise Villebrun, Christophe Bonzom, les Souffleurs commandos po\u00e9tiques\u2026<\/p>\n\n\n\n<p class=\"has-text-align-center\">Merci pour vos pr\u00e9cieux retours!<\/p>\n\n\n\n<hr class=\"wp-block-separator has-text-color has-ast-global-color-0-color has-alpha-channel-opacity has-ast-global-color-0-background-color has-background\" style=\"margin-top:var(--wp--preset--spacing--60);margin-bottom:var(--wp--preset--spacing--60)\"\/>\n\n\n\n<div class=\"wp-block-columns is-layout-flex wp-container-core-columns-is-layout-ec2e7a44 wp-block-columns-is-layout-flex\" style=\"padding-top:0;padding-bottom:0\">\n<div class=\"wp-block-column is-vertically-aligned-center is-layout-flow wp-block-column-is-layout-flow\">\n<figure class=\"wp-block-image size-large\"><img loading=\"lazy\" decoding=\"async\" width=\"1024\" height=\"724\" src=\"https:\/\/masdetoureves.fr\/wp-content\/uploads\/2025\/08\/MAS-1-1024x724.png\" alt=\"\" class=\"wp-image-406\" srcset=\"https:\/\/masdetoureves.fr\/wp-content\/uploads\/2025\/08\/MAS-1-1024x724.png 1024w, https:\/\/masdetoureves.fr\/wp-content\/uploads\/2025\/08\/MAS-1-300x212.png 300w, https:\/\/masdetoureves.fr\/wp-content\/uploads\/2025\/08\/MAS-1-768x543.png 768w, https:\/\/masdetoureves.fr\/wp-content\/uploads\/2025\/08\/MAS-1-1536x1086.png 1536w, https:\/\/masdetoureves.fr\/wp-content\/uploads\/2025\/08\/MAS-1-2048x1448.png 2048w\" sizes=\"auto, (max-width: 1024px) 100vw, 1024px\" \/><\/figure>\n<\/div>\n\n\n\n<div class=\"wp-block-column is-vertically-aligned-center is-layout-flow wp-block-column-is-layout-flow\">\n<h2 class=\"wp-block-heading has-large-font-size\">Chemin de traverse<\/h2>\n\n\n\n<p>Nous sommes de ceux qui aiment le spectacle de la vie,<br>qui s\u2019\u00e9merveillent devant une fleur \u00e9close,<br>qui voient chaque geste comme une responsabilit\u00e9 collective,<br>qui portent \u00e0 grand c\u0153ur le politique,<br>qui s\u2019engagent et s\u2019impliquent \u00e0 chaque minute de leur vie,<br>qui s\u2019acharnent \u00e0 se lever chaque jour pour agir dans un sens correspondant \u00e0 ses valeurs,<br>de ceux qui consid\u00e8rent que la terre est \u00e0 ceux qui la cultivent,<br>de ceux qui travaillent sans rel\u00e2che,<br>de ceux qui n\u2019ont que de petits besoins, qui les rendent pourtant tellement heureux.<\/p>\n<\/div>\n<\/div>\n","protected":false},"excerpt":{"rendered":"<p>Depuis 2017, notre ferme familiale est situ\u00e9e en Loz\u00e8re,au c\u0153ur de la Vall\u00e9e longue en C\u00e9vennes (entre Al\u00e8s et Florac). [&hellip;]<\/p>\n","protected":false},"author":1,"featured_media":0,"parent":0,"menu_order":0,"comment_status":"closed","ping_status":"closed","template":"","meta":{"site-sidebar-layout":"default","site-content-layout":"","ast-site-content-layout":"default","site-content-style":"default","site-sidebar-style":"default","ast-global-header-display":"","ast-banner-title-visibility":"","ast-main-header-display":"","ast-hfb-above-header-display":"","ast-hfb-below-header-display":"","ast-hfb-mobile-header-display":"","site-post-title":"","ast-breadcrumbs-content":"","ast-featured-img":"","footer-sml-layout":"","theme-transparent-header-meta":"","adv-header-id-meta":"","stick-header-meta":"","header-above-stick-meta":"","header-main-stick-meta":"","header-below-stick-meta":"","astra-migrate-meta-layouts":"default","ast-page-background-enabled":"default","ast-page-background-meta":{"desktop":{"background-color":"var(--ast-global-color-5)","background-image":"","background-repeat":"repeat","background-position":"center center","background-size":"auto","background-attachment":"scroll","background-type":"","background-media":"","overlay-type":"","overlay-color":"","overlay-opacity":"","overlay-gradient":""},"tablet":{"background-color":"","background-image":"","background-repeat":"repeat","background-position":"center center","background-size":"auto","background-attachment":"scroll","background-type":"","background-media":"","overlay-type":"","overlay-color":"","overlay-opacity":"","overlay-gradient":""},"mobile":{"background-color":"","background-image":"","background-repeat":"repeat","background-position":"center center","background-size":"auto","background-attachment":"scroll","background-type":"","background-media":"","overlay-type":"","overlay-color":"","overlay-opacity":"","overlay-gradient":""}},"ast-content-background-meta":{"desktop":{"background-color":"var(--ast-global-color-4)","background-image":"","background-repeat":"repeat","background-position":"center center","background-size":"auto","background-attachment":"scroll","background-type":"","background-media":"","overlay-type":"","overlay-color":"","overlay-opacity":"","overlay-gradient":""},"tablet":{"background-color":"var(--ast-global-color-4)","background-image":"","background-repeat":"repeat","background-position":"center center","background-size":"auto","background-attachment":"scroll","background-type":"","background-media":"","overlay-type":"","overlay-color":"","overlay-opacity":"","overlay-gradient":""},"mobile":{"background-color":"var(--ast-global-color-4)","background-image":"","background-repeat":"repeat","background-position":"center center","background-size":"auto","background-attachment":"scroll","background-type":"","background-media":"","overlay-type":"","overlay-color":"","overlay-opacity":"","overlay-gradient":""}},"footnotes":""},"class_list":["post-8","page","type-page","status-publish","hentry"],"_links":{"self":[{"href":"https:\/\/masdetoureves.fr\/index.php\/wp-json\/wp\/v2\/pages\/8","targetHints":{"allow":["GET"]}}],"collection":[{"href":"https:\/\/masdetoureves.fr\/index.php\/wp-json\/wp\/v2\/pages"}],"about":[{"href":"https:\/\/masdetoureves.fr\/index.php\/wp-json\/wp\/v2\/types\/page"}],"author":[{"embeddable":true,"href":"https:\/\/masdetoureves.fr\/index.php\/wp-json\/wp\/v2\/users\/1"}],"replies":[{"embeddable":true,"href":"https:\/\/masdetoureves.fr\/index.php\/wp-json\/wp\/v2\/comments?post=8"}],"version-history":[{"count":59,"href":"https:\/\/masdetoureves.fr\/index.php\/wp-json\/wp\/v2\/pages\/8\/revisions"}],"predecessor-version":[{"id":537,"href":"https:\/\/masdetoureves.fr\/index.php\/wp-json\/wp\/v2\/pages\/8\/revisions\/537"}],"wp:attachment":[{"href":"https:\/\/masdetoureves.fr\/index.php\/wp-json\/wp\/v2\/media?parent=8"}],"curies":[{"name":"wp","href":"https:\/\/api.w.org\/{rel}","templated":true}]}}